{"id":753,"date":"2017-09-20T11:51:56","date_gmt":"2017-09-20T11:51:56","guid":{"rendered":"http:\/\/www.dawidgraczyk.pro\/contacts\/"},"modified":"2021-02-18T20:32:05","modified_gmt":"2021-02-18T20:32:05","slug":"contacts","status":"publish","type":"page","link":"https:\/\/www.dawidgraczyk.pro\/en\/one-page\/contacts\/","title":{"rendered":"Contacts"},"content":{"rendered":"<div class=\"wpb-content-wrapper\"><div class=\"vc_row wpb_row vc_row-fluid vc_row-69d4b8396f5fb\"><div class=\"wpb_column vc_column_container vc_col-sm-12 vc_row-69d4b8396f867\"><div class=\"vc_column-inner\"><div class=\"wpb_wrapper\"><h2 style=\"text-align: center\" class=\"vc_custom_heading vc_do_custom_heading\" >contact<\/h2><\/div><\/div><\/div><\/div><div class=\"vc_row wpb_row vc_row-fluid vc_row-69d4b8396fc13\"><div class=\"wpb_column vc_column_container vc_col-sm-3 vc_col-lg-offset-1 vc_col-md-offset-1 vc_col-sm-offset-1 vc_row-69d4b8396fd44\"><div class=\"vc_column-inner\"><div class=\"wpb_wrapper\"><div class=\"vc_icon_element vc_icon_element-outer vc_do_icon vc_icon_element-align-center vc_icon_element-have-style\"><div class=\"vc_icon_element-inner vc_icon_element-color-custom vc_icon_element-have-style-inner vc_icon_element-size-lg vc_icon_element-style-rounded-outline vc_icon_element-outline vc_icon_element-background-color-custom\"  style=\"border-color:#c48f56\"><span class=\"vc_icon_element-icon multimedia-icon-smartphone\" ><\/span><\/div><\/div>\n\t<div class=\"wpb_text_column wpb_content_element\" >\n\t\t<div class=\"wpb_wrapper\">\n\t\t\t<p style=\"text-align: center;\"><span style=\"font-size: 14px; font-weight: 300;\">+48 503 187 693<\/span><\/p>\n\n\t\t<\/div>\n\t<\/div>\n<\/div><\/div><\/div><div class=\"wpb_column vc_column_container vc_col-sm-4 vc_row-69d4b83970203\"><div class=\"vc_column-inner\"><div class=\"wpb_wrapper\"><div class=\"vc_icon_element vc_icon_element-outer vc_do_icon vc_icon_element-align-center vc_icon_element-have-style\"><div class=\"vc_icon_element-inner vc_icon_element-color-custom vc_icon_element-have-style-inner vc_icon_element-size-lg vc_icon_element-style-rounded-outline vc_icon_element-outline vc_icon_element-background-color-custom\"  style=\"border-color:#c48f56\"><span class=\"vc_icon_element-icon multimedia-icon-envelope\" ><\/span><\/div><\/div>\n\t<div class=\"wpb_text_column wpb_content_element\" >\n\t\t<div class=\"wpb_wrapper\">\n\t\t\t<p style=\"text-align: center;\"><span style=\"font-weight: 300;\">dawidgraczyk07@gmail.com<\/span><\/p>\n\n\t\t<\/div>\n\t<\/div>\n<\/div><\/div><\/div><div class=\"wpb_column vc_column_container vc_col-sm-3 vc_row-69d4b83970552\"><div class=\"vc_column-inner\"><div class=\"wpb_wrapper\"><div class=\"vc_icon_element vc_icon_element-outer vc_do_icon vc_icon_element-align-center vc_icon_element-have-style\"><div class=\"vc_icon_element-inner vc_icon_element-color-custom vc_icon_element-have-style-inner vc_icon_element-size-lg vc_icon_element-style-rounded-outline vc_icon_element-outline vc_icon_element-background-color-custom\"  style=\"border-color:#c48f56\"><span class=\"vc_icon_element-icon multimedia-icon-placeholder\" ><\/span><\/div><\/div>\n\t<div class=\"wpb_text_column wpb_content_element\" >\n\t\t<div class=\"wpb_wrapper\">\n\t\t\t<p style=\"text-align: center;\"><span style=\"font-weight: 300;\">Warszawa, Poland<\/span><\/p>\n\n\t\t<\/div>\n\t<\/div>\n<\/div><\/div><\/div><\/div><div class=\"vc_row wpb_row vc_row-fluid vc_row-69d4b839708a5\"><div class=\"wpb_column vc_column_container vc_col-sm-10 vc_col-lg-offset-1 vc_col-md-offset-1 vc_col-sm-offset-1 vc_row-69d4b839709be\"><div class=\"vc_column-inner\"><div class=\"wpb_wrapper\">\n\t<div class=\"wpb_text_column wpb_content_element\" >\n\t\t<div class=\"wpb_wrapper\">\n\t\t\t<p style=\"text-align: center;\">Moje zdj\u0119cia s\u0105 inspirowane \u015bwiat\u0142em, kolorem, tw\u00f3rcz\u0105 perspektyw\u0105, a tak\u017ce osobowo\u015bciami ludzi, kt\u00f3rych pozna\u0142am i z kt\u00f3rymi mia\u0142em przyjemo\u015b\u0107 wsp\u00f3\u0142pracowa\u0107!<\/p>\n<p style=\"text-align: center;\">\u00a0 \u00a0 \u00a0 \u00a0 \u00a0 \u00a0 My photos are inspired by light, color, creative perspective as well as personalities of people I met and with whom I had the pleasure to work with!<\/p>\n\n\t\t<\/div>\n\t<\/div>\n<\/div><\/div><\/div><\/div><div class=\"vc_row wpb_row vc_row-fluid vc_row-69d4b83970c17\"><div class=\"wpb_column vc_column_container vc_col-sm-12 vc_row-69d4b83970d23\"><div class=\"vc_column-inner\"><div class=\"wpb_wrapper\"><h4 style=\"text-align: center\" class=\"vc_custom_heading vc_do_custom_heading\" >Napisz<\/h4>\n\t<div class=\"wpb_text_column wpb_content_element\" >\n\t\t<div class=\"wpb_wrapper\">\n\t\t\t<div class=\"tac\" style=\"max-width: 350px; margin: 0 auto;\"><p class=\"wpcf7-contact-form-not-found\"><strong>Error:<\/strong> Contact form not found.<\/p><\/div>\n\n\t\t<\/div>\n\t<\/div>\n<\/div><\/div><\/div><\/div>\n<\/div>","protected":false},"excerpt":{"rendered":"Kontakt +48 503 187 693 dawidgraczyk07@gmail.com Warszawa, Poland Moje zdj\u0119cia s\u0105 inspirowane \u015bwiat\u0142em, kolorem, tw\u00f3rcz\u0105 perspektyw\u0105, a tak\u017ce osobowo\u015bciami ludzi, kt\u00f3rych pozna\u0142am i z kt\u00f3rymi mia\u0142em przyjemo\u015b\u0107 wsp\u00f3\u0142pracowa\u0107! \u00a0 \u00a0 \u00a0 \u00a0 \u00a0 \u00a0 My photos are inspired by light, color, creative perspective as well as personalities of people I met and with whom I [...]","protected":false},"author":1,"featured_media":0,"parent":1538,"menu_order":0,"comment_status":"closed","ping_status":"closed","template":"template-landing.php","meta":{"_acf_changed":false,"kk_blocks_editor_width":"","_kiokenblocks_attr":"","_kiokenblocks_dimensions":"","footnotes":""},"class_list":["post-753","page","type-page","status-publish","hentry"],"acf":[],"_links":{"self":[{"href":"https:\/\/www.dawidgraczyk.pro\/en\/wp-json\/wp\/v2\/pages\/753","targetHints":{"allow":["GET"]}}],"collection":[{"href":"https:\/\/www.dawidgraczyk.pro\/en\/wp-json\/wp\/v2\/pages"}],"about":[{"href":"https:\/\/www.dawidgraczyk.pro\/en\/wp-json\/wp\/v2\/types\/page"}],"author":[{"embeddable":true,"href":"https:\/\/www.dawidgraczyk.pro\/en\/wp-json\/wp\/v2\/users\/1"}],"replies":[{"embeddable":true,"href":"https:\/\/www.dawidgraczyk.pro\/en\/wp-json\/wp\/v2\/comments?post=753"}],"version-history":[{"count":4,"href":"https:\/\/www.dawidgraczyk.pro\/en\/wp-json\/wp\/v2\/pages\/753\/revisions"}],"predecessor-version":[{"id":1583,"href":"https:\/\/www.dawidgraczyk.pro\/en\/wp-json\/wp\/v2\/pages\/753\/revisions\/1583"}],"up":[{"embeddable":true,"href":"https:\/\/www.dawidgraczyk.pro\/en\/wp-json\/wp\/v2\/pages\/1538"}],"wp:attachment":[{"href":"https:\/\/www.dawidgraczyk.pro\/en\/wp-json\/wp\/v2\/media?parent=753"}],"curies":[{"name":"wp","href":"https:\/\/api.w.org\/{rel}","templated":true}]}}