{"id":814,"date":"2017-09-21T07:12:27","date_gmt":"2017-09-21T07:12:27","guid":{"rendered":"http:\/\/www.dawidgraczyk.pro\/col-3\/"},"modified":"2025-01-28T23:23:58","modified_gmt":"2025-01-28T23:23:58","slug":"col-3","status":"publish","type":"page","link":"https:\/\/www.dawidgraczyk.pro\/en\/one-page\/col-3\/","title":{"rendered":"Portfolio g\u0142\u00f3wne"},"content":{"rendered":"<div class=\"wpb-content-wrapper\"><div class=\"vc_row wpb_row vc_row-fluid vc_row-69d4b6a152a3f\"><div class=\"wpb_column vc_column_container vc_col-sm-12 vc_row-69d4b6a152dd1\"><div class=\"vc_column-inner\"><div class=\"wpb_wrapper\"><h2 style=\"text-align: center\" class=\"vc_custom_heading vc_do_custom_heading\" >PORTFOLIO<\/h2>\r\n\t\t<div class=\"portfolio-block portfolio-block-59c3651ca7662 popup-gallery\" data-popup-settings=\"{&quot;popupTitle&quot;:false,&quot;popupDesc&quot;:false}\">\r\n\t\t\t\t\t\t\t\t\t<div class=\"filter-buttons filter-button-group tac\">\r\n\t\t\t<div class=\"wrap\">\r\n\t\t\t\t<button class=\"button active\" data-filter=\"*\">\r\n\t\t\t\t\t<span>All<\/span>\r\n\t\t\t\t<\/button>\r\n\t\t\t\t\t\t\t\t\t<button class=\"button\" data-filter=\".category-23\">\r\n\t\t\t\t\t\t<span>PORTFOLIO<\/span>\r\n\t\t\t\t\t<\/button>\r\n\t\t\t\t\t\t\t\t\t<button class=\"button\" data-filter=\".category-17\">\r\n\t\t\t\t\t\t<span>STUDIO<\/span>\r\n\t\t\t\t\t<\/button>\r\n\t\t\t\t\t\t\t<\/div>\r\n\t\t<\/div>\r\n\t\t\t\t\t\t<div class=\"portfolio-items portfolio-type-masonry load-wrap portfolio_hover_type_1 row\">\r\n\t\t\t\t\t\t\t<article class=\"portfolio-item col-12 col-sm-4 col-lg-4 portfolio-masonry-item  popup-item image-center\">\r\n\t\t\t<div class=\"wrap\">\r\n\t\t\t\t\t\t\t\t\t<div class=\"a-img\">\r\n                                  <\/div>\r\n\t\t\t\t\t\t\t\t<div class=\"content\">\r\n\t\t\t\t\t\t\t\t<h5>podr\u00f3\u017ce<\/h5>\r\n\t\t\t\t\t\t\t<p>&nbsp;<\/p>\n<p>&nbsp;<\/p>\n<p>&nbsp;<\/p>\n<p>&nbsp;<\/p>\n\t\t\t\t<\/div>\r\n                  <a class=\"link\" href=\"#\" data-popup-json=\"{&quot;title&quot;:&quot;podr\\u00f3\\u017ce&quot;,&quot;desc&quot;:&quot;\\r\\n\\r\\n\\r\\n\\r\\n&nbsp;\\r\\n\\r\\n&nbsp;\\r\\n\\r\\n&nbsp;\\r\\n\\r\\n&nbsp;&quot;,&quot;post_id&quot;:1512,&quot;likes&quot;:&quot;1&quot;,&quot;projectLink&quot;:&quot;https:\\\/\\\/www.dawidgraczyk.pro\\\/en\\\/pt-portfolio\\\/podroze\\\/&quot;,&quot;projectLinkTarget&quot;:&quot;_self&quot;}\" data-id=\"0\" ><\/a>        \t\t\t<\/div>\r\n\t\t<\/article>\r\n\t\t\t\t<article class=\"portfolio-item col-12 col-sm-4 col-lg-4 portfolio-masonry-item category-17 popup-item image-center\">\r\n\t\t\t<div class=\"wrap\">\r\n\t\t\t\t\t\t\t\t\t<div class=\"a-img\">\r\n                                  <\/div>\r\n\t\t\t\t\t\t\t\t<div class=\"content\">\r\n\t\t\t\t\t\t\t\t<h5>for the body<\/h5>\r\n\t\t\t\t\t\t\t\t\t\t\t<\/div>\r\n                  <a class=\"link\" href=\"#\" data-popup-json=\"{&quot;title&quot;:&quot;dla cia\\u0142a&quot;,&quot;desc&quot;:false,&quot;post_id&quot;:1513,&quot;likes&quot;:0,&quot;projectLink&quot;:&quot;https:\\\/\\\/www.dawidgraczyk.pro\\\/en\\\/pt-portfolio\\\/dla-ciala\\\/&quot;,&quot;projectLinkTarget&quot;:&quot;_self&quot;}\" data-id=\"1\" ><\/a>        \t\t\t<\/div>\r\n\t\t<\/article>\r\n\t\t\t\t<article class=\"portfolio-item col-12 col-sm-4 col-lg-4 portfolio-masonry-item category-17 popup-item image-center\">\r\n\t\t\t<div class=\"wrap\">\r\n\t\t\t\t\t\t\t\t\t<div class=\"a-img\">\r\n                                  <\/div>\r\n\t\t\t\t\t\t\t\t<div class=\"content\">\r\n\t\t\t\t\t\t\t\t<h5>for the spirit<\/h5>\r\n\t\t\t\t\t\t\t\t\t\t\t<\/div>\r\n                  <a class=\"link\" href=\"#\" data-popup-json=\"{&quot;title&quot;:&quot;dla ducha&quot;,&quot;desc&quot;:false,&quot;post_id&quot;:1514,&quot;likes&quot;:0,&quot;projectLink&quot;:&quot;https:\\\/\\\/www.dawidgraczyk.pro\\\/en\\\/pt-portfolio\\\/dla-ducha\\\/&quot;,&quot;projectLinkTarget&quot;:&quot;_self&quot;}\" data-id=\"2\" ><\/a>        \t\t\t<\/div>\r\n\t\t<\/article>\r\n\t\t\t\t<article class=\"portfolio-item col-12 col-sm-4 col-lg-4 portfolio-masonry-item category-17 popup-item image-center\">\r\n\t\t\t<div class=\"wrap\">\r\n\t\t\t\t\t\t\t\t\t<div class=\"a-img\">\r\n                                  <\/div>\r\n\t\t\t\t\t\t\t\t<div class=\"content\">\r\n\t\t\t\t\t\t\t\t<h5>fairy-tale element<\/h5>\r\n\t\t\t\t\t\t\t\t\t\t\t<\/div>\r\n                  <a class=\"link\" href=\"#\" data-popup-json=\"{&quot;title&quot;:&quot;element ba\\u015bniowy&quot;,&quot;desc&quot;:false,&quot;post_id&quot;:2155,&quot;likes&quot;:0,&quot;projectLink&quot;:&quot;https:\\\/\\\/www.dawidgraczyk.pro\\\/en\\\/pt-portfolio\\\/element-basniowy\\\/&quot;,&quot;projectLinkTarget&quot;:&quot;_self&quot;}\" data-id=\"3\" ><\/a>        \t\t\t<\/div>\r\n\t\t<\/article>\r\n\t\t\t\t\t\t<\/div>\r\n\t\t\t\t\t\t\t\t\t<\/div>\r\n    <\/div><\/div><\/div><\/div>\n<\/div>","protected":false},"excerpt":{"rendered":"PORTFOLIO All PORTFOLIO STUDIO podr\u00f3\u017ce &nbsp; &nbsp; &nbsp; &nbsp; dla cia\u0142a dla ducha element ba\u015bniowy","protected":false},"author":1,"featured_media":0,"parent":1538,"menu_order":0,"comment_status":"closed","ping_status":"closed","template":"template-landing.php","meta":{"_acf_changed":false,"kk_blocks_editor_width":"","_kiokenblocks_attr":"","_kiokenblocks_dimensions":"","footnotes":""},"class_list":["post-814","page","type-page","status-publish","hentry"],"acf":[],"_links":{"self":[{"href":"https:\/\/www.dawidgraczyk.pro\/en\/wp-json\/wp\/v2\/pages\/814","targetHints":{"allow":["GET"]}}],"collection":[{"href":"https:\/\/www.dawidgraczyk.pro\/en\/wp-json\/wp\/v2\/pages"}],"about":[{"href":"https:\/\/www.dawidgraczyk.pro\/en\/wp-json\/wp\/v2\/types\/page"}],"author":[{"embeddable":true,"href":"https:\/\/www.dawidgraczyk.pro\/en\/wp-json\/wp\/v2\/users\/1"}],"replies":[{"embeddable":true,"href":"https:\/\/www.dawidgraczyk.pro\/en\/wp-json\/wp\/v2\/comments?post=814"}],"version-history":[{"count":4,"href":"https:\/\/www.dawidgraczyk.pro\/en\/wp-json\/wp\/v2\/pages\/814\/revisions"}],"predecessor-version":[{"id":2315,"href":"https:\/\/www.dawidgraczyk.pro\/en\/wp-json\/wp\/v2\/pages\/814\/revisions\/2315"}],"up":[{"embeddable":true,"href":"https:\/\/www.dawidgraczyk.pro\/en\/wp-json\/wp\/v2\/pages\/1538"}],"wp:attachment":[{"href":"https:\/\/www.dawidgraczyk.pro\/en\/wp-json\/wp\/v2\/media?parent=814"}],"curies":[{"name":"wp","href":"https:\/\/api.w.org\/{rel}","templated":true}]}}